{"id":13,"date":"2016-08-02T04:26:44","date_gmt":"2016-08-02T04:26:44","guid":{"rendered":"http:\/\/kroth:8888\/?page_id=2"},"modified":"2024-01-12T17:24:57","modified_gmt":"2024-01-12T17:24:57","slug":"home","status":"publish","type":"page","link":"https:\/\/gil-mendoza.com\/","title":{"rendered":"Home"},"content":{"rendered":"<div class=\"wpb-content-wrapper\"><p>[vc_row full_width=\u00bbstretch_row\u00bb overlay_dotted=\u00bb\u00bb css=\u00bb.vc_custom_1705080294583{padding-top: 0px !important;padding-bottom: 50px !important;background-color: #f8f8f8 !important;}\u00bb][vc_column width=\u00bb1\/3&#8243;][vc_column_text]<\/p>\n<h2 style=\"margin-bottom: 20px;\">Mas de 20 a\u00f1os<br \/>\nde experiencia financiera.<br \/>\nContaduria Publica<\/h2>\n<p>Nuestra empresa se funda el 05 de Junio del a\u00f1o 2013 como una empresa de servicios en los sectores financieros, laborales y tributarios con la premisa de ofrecer adicionalmente al servicio que el cliente solicite, una soluci\u00f3n. De all\u00ed nuestro nombre: Gil Mendoza y Asociados.<\/p>\n<p>Gil Mendoza y Asociados., est\u00e1 compuesta por un equipo humano altamente capacitado y comprometido con los m\u00e1s altos est\u00e1ndares de \u00e9tica y profesionalismo para ofrecerle al cliente siempre m\u00e1s que un servicio, el respaldo de una organizaci\u00f3n que brinda y aporta soluciones a trav\u00e9s de un trato VIP en una relaci\u00f3n ganar-ganar donde el objetivo es la satisfacci\u00f3n del cliente.[\/vc_column_text]<a class=\"krth-btn btn-secondary  vc_custom_1704896170500 btn-medium krth-btn-69dbc2775da86 btn-hover-one btn-icon-left rounded-three \" href=\"http:\/\/gil-mendoza.com\/?page_id=486\"><span class=\"btn-text\">Conocenos . . .<\/span><\/a>[\/vc_column][vc_column width=\u00bb2\/3&#8243;][vc_row_inner][vc_column_inner width=\u00bb1\/2&#8243;]<div class=\"krth-service-two\"><div class=\"service-icon\"><i class=\"fa fa-signal\"><\/i><\/div><div class=\"services-content\"><h3 class=\"service-heading\" style=\"\">CONTABILIDAD<br><\/h3><p>Asesorias Tributarias en funcion de fiscalizaciones de entes publicos<\/p>\n<\/div><\/div><div class=\"krth-service-two\"><div class=\"service-icon\"><i class=\"icon-chart\"><\/i><\/div><div class=\"services-content\"><h3 class=\"service-heading\" style=\"\">AUDITORIA<br><\/h3><p>Auditoria Financiera, Tributaria, Administrativa, Forense, de Gestion y controles<br \/>\ninternos tanto en el sector publico como privado.<\/p>\n<\/div><\/div><div class=\"krth-service-two\"><div class=\"service-icon\"><i class=\"fa fa-user\"><\/i><\/div><div class=\"services-content\"><h3 class=\"service-heading\" style=\"\">LEGAL<br><\/h3><p>Constitucion de Compaiiias y elaboracion de Actas de Asambleas Ordinarias y<br \/>\nExtraordinarias.<\/p>\n<\/div><\/div>[\/vc_column_inner][vc_column_inner width=\u00bb1\/2&#8243;][vc_video link=\u00bbhttps:\/\/www.youtube.com\/watch?v=2CJMyFSy6L0&#038;t=103s\u00bb align=\u00bbcenter\u00bb title=\u00bbEl mejor video de Educacion Financiera.\u00bb][vc_video link=\u00bbhttps:\/\/www.youtube.com\/watch?v=a0b2-M9ffZ8&#8243; title=\u00bbIngresos Residuales\u00bb][\/vc_column_inner][\/vc_row_inner][\/vc_column][\/vc_row][vc_row][vc_column][vc_column_text]<\/p>\n<h1 style=\"text-align: center;\">NOTICIAS DEL DIA<\/h1>\n<p>[\/vc_column_text][vc_empty_space height=\u00bb20px\u00bb][\/vc_column][\/vc_row][vc_row][vc_column][vc_basic_grid post_type=\u00bbpost\u00bb max_items=\u00bb3&#8243; style=\u00bblazy\u00bb gap=\u00bb10&#8243; grid_id=\u00bbvc_gid:1705080275818-410816ed605bd437fb791fc0048318fc-0&#8243;][\/vc_column][\/vc_row][vc_row full_width=\u00bbstretch_row\u00bb content_placement=\u00bbtop\u00bb overlay_dotted=\u00bb\u00bb css=\u00bb.vc_custom_1705080210048{margin-top: 0px !important;margin-bottom: 0px !important;padding-top: 0px !important;padding-bottom: 0px !important;}\u00bb][vc_column text_alignment=\u00bbtext-center\u00bb][vc_empty_space height=\u00bb40px\u00bb][vc_column_text]<\/p>\n<h2 style=\"text-align: center;\">Solicitar una devoluci\u00f3n de llamada<\/h2>\n<p>[\/vc_column_text][vc_column_text]<\/p>\n<p style=\"text-align: center;\"><div class=\"forminator-ui forminator-custom-form forminator-custom-form-1697 forminator-design--flat forminator-enclosed forminator_ajax\" data-forminator-render=\"0\" data-form=\"forminator-module-1697\" data-uid=\"69dbc2775db2b\"><br\/><\/div><form\n\t\t\t\tid=\"forminator-module-1697\"\n\t\t\t\tclass=\"forminator-ui forminator-custom-form forminator-custom-form-1697 forminator-design--flat forminator-enclosed forminator_ajax\"\n\t\t\t\tmethod=\"post\"\n\t\t\t\tdata-forminator-render=\"0\"\n\t\t\t\tdata-form-id=\"1697\"\n\t\t\t\t\n\t\t\t\tdata-design=\"flat\"\n\t\t\t\t\n\t\t\t\t\n\t\t\t\t\n\t\t\t\tdata-grid=\"enclosed\"\n\t\t\t\t\n\t\t\t\t\n\t\t\t\tstyle=\"display: none;\"\n\t\t\t\t\n\t\t\t\tdata-uid=\"69dbc2775db2b\"\n\t\t\t><div role=\"alert\" aria-live=\"polite\" class=\"forminator-response-message forminator-error\" aria-hidden=\"true\"><\/div><div class=\"forminator-row\"><div id=\"name-2\" class=\"forminator-field-name forminator-col forminator-col-4 \"><div class=\"forminator-field\"><label for=\"forminator-field-name-2_69dbc2775db2b\" id=\"forminator-field-name-2_69dbc2775db2b-label\" class=\"forminator-label\">Nombre<\/label><input type=\"text\" name=\"name-2\" value=\"\" placeholder=\"Ej: Jose manuel\" id=\"forminator-field-name-2_69dbc2775db2b\" class=\"forminator-input forminator-name--field\" aria-required=\"false\" \/><\/div><\/div><div id=\"email-1\" class=\"forminator-field-email forminator-col forminator-col-4 \"><div class=\"forminator-field\"><label for=\"forminator-field-email-1_69dbc2775db2b\" id=\"forminator-field-email-1_69dbc2775db2b-label\" class=\"forminator-label\">Correo electronico <span class=\"forminator-required\">*<\/span><\/label><input type=\"email\" name=\"email-1\" value=\"\" placeholder=\"E.g. john@doe.com\" id=\"forminator-field-email-1_69dbc2775db2b\" class=\"forminator-input forminator-email--field\" data-required=\"true\" aria-required=\"true\" \/><\/div><\/div><div id=\"phone-1\" class=\"forminator-field-phone forminator-col forminator-col-4 \"><div class=\"forminator-field\"><label for=\"forminator-field-phone-1_69dbc2775db2b\" id=\"forminator-field-phone-1_69dbc2775db2b-label\" class=\"forminator-label\">Telefono <span class=\"forminator-required\">*<\/span><\/label><input type=\"text\" name=\"phone-1\" value=\"\" placeholder=\"E.g. +58 3004005000\" id=\"forminator-field-phone-1_69dbc2775db2b\" class=\"forminator-input forminator-field--phone\" data-required=\"1\" aria-required=\"true\" autocomplete=\"off\" data-validation=\"1\" \/><\/div><\/div><\/div><input type=\"hidden\" name=\"referer_url\" value=\"\" \/><div class=\"forminator-row forminator-row-last\"><div class=\"forminator-col\"><div class=\"forminator-field\"><button class=\"forminator-button forminator-button-submit\">Solicitar una devoluci&oacute;n de llamada<\/button><\/div><\/div><\/div><input type=\"hidden\" id=\"forminator_nonce\" name=\"forminator_nonce\" value=\"30d7db5882\" \/><input type=\"hidden\" name=\"_wp_http_referer\" value=\"\/index.php?rest_route=%2Fwp%2Fv2%2Fpages%2F13\" \/><input type=\"hidden\" name=\"form_id\" value=\"1697\"><input type=\"hidden\" name=\"page_id\" value=\"13\"><input type=\"hidden\" name=\"form_type\" value=\"default\"><input type=\"hidden\" name=\"current_url\" value=\"https:\/\/gil-mendoza.com\/\"><input type=\"hidden\" name=\"render_id\" value=\"0\"><input type=\"hidden\" name=\"action\" value=\"forminator_submit_form_custom-forms\"><\/form><\/p>\n<p>[\/vc_column_text][\/vc_column][\/vc_row]<\/p>\n<\/div>","protected":false},"excerpt":{"rendered":"[vc_row full_width=\u00bbstretch_row\u00bb overlay_dotted=\u00bb\u00bb css=\u00bb.vc_custom_1705080294583{padding-top: 0px !important;padding-bottom: 50px !important;background-color: #f8f8f8 !important;}\u00bb][vc_column width=\u00bb1\/3&#8243;][vc_column_text] Mas de 20 a\u00f1os de experiencia financiera. Contaduria Publica Nuestra empresa se funda el 05 de Junio del a\u00f1o 2013 como una empresa de servicios en los sectores financieros, laborales y tributarios con la premisa de ofrecer adicionalmente al servicio que el cliente solicite,[&#8230;]","protected":false},"author":1,"featured_media":0,"parent":0,"menu_order":0,"comment_status":"closed","ping_status":"closed","template":"","meta":{"footnotes":""},"class_list":["post-13","page","type-page","status-publish","hentry"],"_links":{"self":[{"href":"https:\/\/gil-mendoza.com\/index.php?rest_route=\/wp\/v2\/pages\/13","targetHints":{"allow":["GET"]}}],"collection":[{"href":"https:\/\/gil-mendoza.com\/index.php?rest_route=\/wp\/v2\/pages"}],"about":[{"href":"https:\/\/gil-mendoza.com\/index.php?rest_route=\/wp\/v2\/types\/page"}],"author":[{"embeddable":true,"href":"https:\/\/gil-mendoza.com\/index.php?rest_route=\/wp\/v2\/users\/1"}],"replies":[{"embeddable":true,"href":"https:\/\/gil-mendoza.com\/index.php?rest_route=%2Fwp%2Fv2%2Fcomments&post=13"}],"version-history":[{"count":50,"href":"https:\/\/gil-mendoza.com\/index.php?rest_route=\/wp\/v2\/pages\/13\/revisions"}],"predecessor-version":[{"id":1744,"href":"https:\/\/gil-mendoza.com\/index.php?rest_route=\/wp\/v2\/pages\/13\/revisions\/1744"}],"wp:attachment":[{"href":"https:\/\/gil-mendoza.com\/index.php?rest_route=%2Fwp%2Fv2%2Fmedia&parent=13"}],"curies":[{"name":"wp","href":"https:\/\/api.w.org\/{rel}","templated":true}]}}