{"id":424,"date":"2016-08-15T17:57:52","date_gmt":"2016-08-15T17:57:52","guid":{"rendered":"http:\/\/kroth:8888\/?page_id=424"},"modified":"2024-10-03T14:16:51","modified_gmt":"2024-10-03T14:16:51","slug":"news-list","status":"publish","type":"page","link":"https:\/\/gil-mendoza.com\/?page_id=424","title":{"rendered":"Noticias del d\u00eda"},"content":{"rendered":"<div class=\"wpb-content-wrapper\"><p>[vc_row overlay_dotted=\u00bb\u00bb][vc_column]\n    <!-- Blog Start -->\n    <div class=\"krth-blog-one krth-blog-two krth-blog-col-3  krth-post-69e3968519a2e \">\n\n      \n      <div id=\"post-1\" class=\"krth-blog-post post-1 post type-post status-publish format-standard has-post-thumbnail hentry category-uncategorized\">\n\n                <div class=\"featured-image rounded-three\">\n          <img decoding=\"async\" src=\"https:\/\/gil-mendoza.com\/wp-content\/uploads\/2023\/06\/crecimiento-economico-mexico-2022-370x260.jpg\" alt=\"Econom\u00eda de Venezuela creci\u00f3 un 4,5% en 2023 como lo pronostic\u00f3 la Cepal\">\n        <\/div>\n        \n        <!-- Content -->\n        <div class=\"bp-content\">\n\n          <!-- Metas -->\n          <div class=\"bp-top-meta\">\n                        <div class=\"bp-cat\">\n              <a href=\"https:\/\/gil-mendoza.com\/?cat=1\" rel=\"category\">Uncategorized<\/a>            <\/div>\n                        <div class=\"bp-date\">\n              <span>junio 29, 2023<\/span>\n            <\/div>\n                        <div class=\"bp-author\">\n              <span>by <a href=\"https:\/\/gil-mendoza.com\/?author=1\" rel=\"author\">jlopezdesign<\/a><\/span>            <\/div>\n                      <\/div>\n          <!-- Metas -->\n\n          <a href=\"https:\/\/gil-mendoza.com\/?p=1\" class=\"bp-heading\">Econom\u00eda de Venezuela creci\u00f3 un 4,5% en 2023 como lo pronostic\u00f3 la Cepal<\/a>\n                  <\/div>\n        <!-- Content -->\n\n        <\/div><!-- #post-## -->\n\n      \n      <div id=\"post-85\" class=\"krth-blog-post post-85 post type-post status-publish format-image has-post-thumbnail hentry category-business tag-budgets tag-business tag-tips post_format-post-format-image\">\n\n                <div class=\"featured-image rounded-three\">\n          <img decoding=\"async\" src=\"https:\/\/gil-mendoza.com\/wp-content\/uploads\/2016\/08\/620d43c78966164b3e10c1f9_shutterstock_436662421-1-scaled-370x260.jpg\" alt=\"Asociaci\u00f3n Bancaria de Venezuela estima entre 4 y 10% de crecimiento financiero para 2024\">\n        <\/div>\n        \n        <!-- Content -->\n        <div class=\"bp-content\">\n\n          <!-- Metas -->\n          <div class=\"bp-top-meta\">\n                        <div class=\"bp-cat\">\n              <a href=\"https:\/\/gil-mendoza.com\/?cat=18\" rel=\"category\">Business<\/a>            <\/div>\n                        <div class=\"bp-date\">\n              <span>agosto 10, 2016<\/span>\n            <\/div>\n                        <div class=\"bp-author\">\n              <span>by <a href=\"https:\/\/gil-mendoza.com\/?author=1\" rel=\"author\">jlopezdesign<\/a><\/span>            <\/div>\n                      <\/div>\n          <!-- Metas -->\n\n          <a href=\"https:\/\/gil-mendoza.com\/?p=85\" class=\"bp-heading\">Asociaci\u00f3n Bancaria de Venezuela estima entre 4 y 10% de crecimiento financiero para 2024<\/a>\n                  <\/div>\n        <!-- Content -->\n\n        <\/div><!-- #post-## -->\n\n      \n      <div id=\"post-63\" class=\"krth-blog-post post-63 post type-post status-publish format-standard has-post-thumbnail hentry category-budgets tag-advisors tag-ideas tag-investment\">\n\n                <div class=\"featured-image rounded-three\">\n          <img decoding=\"async\" src=\"https:\/\/gil-mendoza.com\/wp-content\/uploads\/2016\/08\/Venezuela_Mexico-370x260.jpg\" alt=\"Venezuela y M\u00e9xico buscan proyectos conjuntos en el \u00e1rea de los hidrocarburos\">\n        <\/div>\n        \n        <!-- Content -->\n        <div class=\"bp-content\">\n\n          <!-- Metas -->\n          <div class=\"bp-top-meta\">\n                        <div class=\"bp-cat\">\n              <a href=\"https:\/\/gil-mendoza.com\/?cat=17\" rel=\"category\">Budgets<\/a>            <\/div>\n                        <div class=\"bp-date\">\n              <span>agosto 9, 2016<\/span>\n            <\/div>\n                        <div class=\"bp-author\">\n              <span>by <a href=\"https:\/\/gil-mendoza.com\/?author=1\" rel=\"author\">jlopezdesign<\/a><\/span>            <\/div>\n                      <\/div>\n          <!-- Metas -->\n\n          <a href=\"https:\/\/gil-mendoza.com\/?p=63\" class=\"bp-heading\">Venezuela y M\u00e9xico buscan proyectos conjuntos en el \u00e1rea de los hidrocarburos<\/a>\n                  <\/div>\n        <!-- Content -->\n\n        <\/div><!-- #post-## -->\n\n      \n    <\/div>\n    <!-- Blog End -->\n\n    [\/vc_column][\/vc_row]<\/p>\n<\/div>","protected":false},"excerpt":{"rendered":"[vc_row overlay_dotted=\u00bb\u00bb][vc_column][\/vc_column][\/vc_row]","protected":false},"author":1,"featured_media":0,"parent":0,"menu_order":16,"comment_status":"closed","ping_status":"closed","template":"","meta":{"footnotes":""},"class_list":["post-424","page","type-page","status-publish","hentry"],"_links":{"self":[{"href":"https:\/\/gil-mendoza.com\/index.php?rest_route=\/wp\/v2\/pages\/424","targetHints":{"allow":["GET"]}}],"collection":[{"href":"https:\/\/gil-mendoza.com\/index.php?rest_route=\/wp\/v2\/pages"}],"about":[{"href":"https:\/\/gil-mendoza.com\/index.php?rest_route=\/wp\/v2\/types\/page"}],"author":[{"embeddable":true,"href":"https:\/\/gil-mendoza.com\/index.php?rest_route=\/wp\/v2\/users\/1"}],"replies":[{"embeddable":true,"href":"https:\/\/gil-mendoza.com\/index.php?rest_route=%2Fwp%2Fv2%2Fcomments&post=424"}],"version-history":[{"count":9,"href":"https:\/\/gil-mendoza.com\/index.php?rest_route=\/wp\/v2\/pages\/424\/revisions"}],"predecessor-version":[{"id":1756,"href":"https:\/\/gil-mendoza.com\/index.php?rest_route=\/wp\/v2\/pages\/424\/revisions\/1756"}],"wp:attachment":[{"href":"https:\/\/gil-mendoza.com\/index.php?rest_route=%2Fwp%2Fv2%2Fmedia&parent=424"}],"curies":[{"name":"wp","href":"https:\/\/api.w.org\/{rel}","templated":true}]}}