{"id":486,"date":"2016-08-16T06:52:01","date_gmt":"2016-08-16T06:52:01","guid":{"rendered":"http:\/\/kroth:8888\/?page_id=486"},"modified":"2024-01-12T17:20:52","modified_gmt":"2024-01-12T17:20:52","slug":"company","status":"publish","type":"page","link":"https:\/\/gil-mendoza.com\/?page_id=486","title":{"rendered":"\u00bfQuienes somos?"},"content":{"rendered":"<div class=\"wpb-content-wrapper\"><p>[vc_row][vc_column width=\u00bb1\/2&#8243;][vc_widget_sidebar sidebar_id=\u00bbabout-us-page-sidebar\u00bb][vc_row_inner][vc_column_inner][vc_single_image image=\u00bb1637&#8243; img_size=\u00bbfull\u00bb][\/vc_column_inner][\/vc_row_inner][\/vc_column][vc_column width=\u00bb1\/2&#8243;][vc_column_text css=\u00bb.vc_custom_1688930238719{margin-bottom: 0px !important;}\u00bb]<\/p>\n<h3>Rese\u00f1a Hist\u00f3rica<\/h3>\n<p>Nuestra empresa se funda el 05 de Junio del a\u00f1o 2013 como una empresa de servicios en los sectores financieros, laborales y tributarios con la premisa de ofrecer adicionalmente al servicio que el cliente solicite, una soluci\u00f3n. De all\u00ed nuestro nombre: Gil Mendoza y Asociados<\/p>\n<p>Gil Mendoza y Asociados., est\u00e1 compuesta por un equipo humano altamente capacitado y comprometido con los m\u00e1s altos est\u00e1ndares de \u00e9tica y profesionalismo para ofrecerle al cliente siempre m\u00e1s que un servicio, el respaldo de una organizaci\u00f3n que brinda y aporta soluciones a trav\u00e9s de un trato VIP en una relaci\u00f3n ganar-ganar donde el objetivo es la satisfacci\u00f3n del cliente.<\/p>\n<p>Nuestra empresa est\u00e1 organizada\u00a0 en\u00a0 tres divisiones (Contabilidad, tributo y asesor\u00edas):<\/p>\n<p>-La Divisi\u00f3n de contabilidad cuenta con personal certificado por el colegio de contadores de Venezuela que brinda A los clientes una respuesta r\u00e1pida y oportuna al requerimiento que ellos soliciten.<\/p>\n<p>-La Divisi\u00f3n de tributos cuenta con personal especialista en los impuestos nacionales, estadales, municipales y parafiscales que est\u00e1n lo suficientemente capacitados y actualizado con la legislaci\u00f3n tributaria de Venezuela<\/p>\n<p>-La Divisi\u00f3n de asesor\u00edas cuenta con personal capacitado para dar repuestas a inquietudes y hacer pruebas diagn\u00f3stico para determinar fallas que puedan presentar los clientes.<\/p>\n<p>Gil Mendoza y Asociados. Se ha convertido de una empresa emergente, con grandes aspiraciones en el mercado financiero venezolano.[\/vc_column_text][vc_empty_space][\/vc_column][\/vc_row]<\/p>\n<\/div>","protected":false},"excerpt":{"rendered":"[vc_row][vc_column width=\u00bb1\/2&#8243;][vc_widget_sidebar sidebar_id=\u00bbabout-us-page-sidebar\u00bb][vc_row_inner][vc_column_inner][vc_single_image image=\u00bb1637&#8243; img_size=\u00bbfull\u00bb][\/vc_column_inner][\/vc_row_inner][\/vc_column][vc_column width=\u00bb1\/2&#8243;][vc_column_text css=\u00bb.vc_custom_1688930238719{margin-bottom: 0px !important;}\u00bb] Rese\u00f1a Hist\u00f3rica Nuestra empresa se funda el 05 de Junio del a\u00f1o 2013 como una empresa de servicios en los sectores financieros, laborales y tributarios con la premisa de ofrecer adicionalmente al servicio que el cliente solicite, una soluci\u00f3n. De all\u00ed nuestro nombre: Gil Mendoza y[&#8230;]","protected":false},"author":1,"featured_media":0,"parent":0,"menu_order":5,"comment_status":"closed","ping_status":"closed","template":"","meta":{"footnotes":""},"class_list":["post-486","page","type-page","status-publish","hentry"],"_links":{"self":[{"href":"https:\/\/gil-mendoza.com\/index.php?rest_route=\/wp\/v2\/pages\/486","targetHints":{"allow":["GET"]}}],"collection":[{"href":"https:\/\/gil-mendoza.com\/index.php?rest_route=\/wp\/v2\/pages"}],"about":[{"href":"https:\/\/gil-mendoza.com\/index.php?rest_route=\/wp\/v2\/types\/page"}],"author":[{"embeddable":true,"href":"https:\/\/gil-mendoza.com\/index.php?rest_route=\/wp\/v2\/users\/1"}],"replies":[{"embeddable":true,"href":"https:\/\/gil-mendoza.com\/index.php?rest_route=%2Fwp%2Fv2%2Fcomments&post=486"}],"version-history":[{"count":9,"href":"https:\/\/gil-mendoza.com\/index.php?rest_route=\/wp\/v2\/pages\/486\/revisions"}],"predecessor-version":[{"id":1737,"href":"https:\/\/gil-mendoza.com\/index.php?rest_route=\/wp\/v2\/pages\/486\/revisions\/1737"}],"wp:attachment":[{"href":"https:\/\/gil-mendoza.com\/index.php?rest_route=%2Fwp%2Fv2%2Fmedia&parent=486"}],"curies":[{"name":"wp","href":"https:\/\/api.w.org\/{rel}","templated":true}]}}